{"id":2331,"date":"2024-01-16T13:19:34","date_gmt":"2024-01-16T13:19:34","guid":{"rendered":"https:\/\/generoereligiao.org\/?page_id=2331"},"modified":"2025-01-18T02:32:41","modified_gmt":"2025-01-18T02:32:41","slug":"das-categorias","status":"publish","type":"page","link":"https:\/\/generoereligiao.org\/pt_br\/das-categorias\/","title":{"rendered":"Das Categorias"},"content":{"rendered":"\t\t<div data-elementor-type=\"wp-page\" data-elementor-id=\"2331\" class=\"elementor elementor-2331\">\n\t\t\t\t<div class=\"elementor-element elementor-element-8a75719 e-flex e-con-boxed e-con e-parent\" data-id=\"8a75719\" data-element_type=\"container\" data-e-type=\"container\">\n\t\t\t\t\t<div class=\"e-con-inner\">\n\t\t\t\t<div class=\"elementor-element elementor-element-07445a6 elementor-widget elementor-widget-text-editor\" data-id=\"07445a6\" data-element_type=\"widget\" data-e-type=\"widget\" data-widget_type=\"text-editor.default\">\n\t\t\t\t<div class=\"elementor-widget-container\">\n\t\t\t\t\t\t\t\t\t<p>Os subs\u00eddios publicados no Portal est\u00e3o organizados nas seguintes categorias:<\/p><p>\u00a0<\/p><p>I. <a href=\"https:\/\/generoereligiao.org\/pt_br\/category\/pesquisar\/\">PESQUISAR<\/a>: nesta categoria s\u00e3o disponibilizados conte\u00fados referentes a g\u00eanero e religi\u00e3o na perspectiva da promo\u00e7\u00e3o da justi\u00e7a de g\u00eanero e de enfrentamento aos fundamentalismos religiosos. Neste campo, estar\u00e3o dispostas teses, disserta\u00e7\u00f5es, artigos cient\u00edficos, livros e outros materiais relacionados \u00e0 produ\u00e7\u00e3o de conhecimento.<\/p><p>\u00a0<\/p><p>II. <a href=\"https:\/\/generoereligiao.org\/pt_br\/category\/inspirar\/\">INSPIRAR<\/a>: est\u00e3o dispostos materiais audiovisuais diversos, tais como filmes, curtas-metragens, v\u00eddeos, podcasts, os quais poder\u00e3o servir de inspira\u00e7\u00e3o e subs\u00eddio \u00e0 pesquisa e trabalho comunit\u00e1rio.<\/p><p>\u00a0<\/p><p>III. <a href=\"https:\/\/generoereligiao.org\/pt_br\/category\/aplicar\/\">APLICAR<\/a>: nesta categoria est\u00e3o presentes liturgias, estudos b\u00edblicos, din\u00e2micas, cartilhas, cursos e eventos que possam contribuir na forma\u00e7\u00e3o e trabalho comunit\u00e1rio.<\/p>\t\t\t\t\t\t\t\t<\/div>\n\t\t\t\t<\/div>\n\t\t\t\t\t<\/div>\n\t\t\t\t<\/div>\n\t\t\t\t<\/div>\n\t\t","protected":false},"excerpt":{"rendered":"<p>Os subs\u00eddios publicados no Portal est\u00e3o organizados nas seguintes categorias: \u00a0 I. PESQUISAR: nesta categoria s\u00e3o disponibilizados conte\u00fados referentes a g\u00eanero e religi\u00e3o na perspectiva da promo\u00e7\u00e3o da justi\u00e7a de [&hellip;]<\/p>\n","protected":false},"author":3,"featured_media":0,"parent":0,"menu_order":0,"comment_status":"closed","ping_status":"closed","template":"","meta":{"_eb_attr":"","site-sidebar-layout":"no-sidebar","site-content-layout":"page-builder","ast-site-content-layout":"full-width-container","site-content-style":"unboxed","site-sidebar-style":"unboxed","ast-global-header-display":"","ast-banner-title-visibility":"","ast-main-header-display":"","ast-hfb-above-header-display":"","ast-hfb-below-header-display":"","ast-hfb-mobile-header-display":"","site-post-title":"disabled","ast-breadcrumbs-content":"","ast-featured-img":"disabled","footer-sml-layout":"","ast-disable-related-posts":"","theme-transparent-header-meta":"","adv-header-id-meta":"","stick-header-meta":"","header-above-stick-meta":"","header-main-stick-meta":"","header-below-stick-meta":"","astra-migrate-meta-layouts":"set","ast-page-background-enabled":"default","ast-page-background-meta":{"desktop":{"background-color":"var(--ast-global-color-4)","background-image":"","background-repeat":"repeat","background-position":"center center","background-size":"auto","background-attachment":"scroll","background-type":"","background-media":"","overlay-type":"","overlay-color":"","overlay-opacity":"","overlay-gradient":""},"tablet":{"background-color":"","background-image":"","background-repeat":"repeat","background-position":"center center","background-size":"auto","background-attachment":"scroll","background-type":"","background-media":"","overlay-type":"","overlay-color":"","overlay-opacity":"","overlay-gradient":""},"mobile":{"background-color":"","background-image":"","background-repeat":"repeat","background-position":"center center","background-size":"auto","background-attachment":"scroll","background-type":"","background-media":"","overlay-type":"","overlay-color":"","overlay-opacity":"","overlay-gradient":""}},"ast-content-background-meta":{"desktop":{"background-color":"var(--ast-global-color-5)","background-image":"","background-repeat":"repeat","background-position":"center center","background-size":"auto","background-attachment":"scroll","background-type":"","background-media":"","overlay-type":"","overlay-color":"","overlay-opacity":"","overlay-gradient":""},"tablet":{"background-color":"var(--ast-global-color-5)","background-image":"","background-repeat":"repeat","background-position":"center center","background-size":"auto","background-attachment":"scroll","background-type":"","background-media":"","overlay-type":"","overlay-color":"","overlay-opacity":"","overlay-gradient":""},"mobile":{"background-color":"var(--ast-global-color-5)","background-image":"","background-repeat":"repeat","background-position":"center center","background-size":"auto","background-attachment":"scroll","background-type":"","background-media":"","overlay-type":"","overlay-color":"","overlay-opacity":"","overlay-gradient":""}},"footnotes":""},"class_list":["post-2331","page","type-page","status-publish","hentry"],"aioseo_notices":[],"_links":{"self":[{"href":"https:\/\/generoereligiao.org\/pt_br\/wp-json\/wp\/v2\/pages\/2331","targetHints":{"allow":["GET"]}}],"collection":[{"href":"https:\/\/generoereligiao.org\/pt_br\/wp-json\/wp\/v2\/pages"}],"about":[{"href":"https:\/\/generoereligiao.org\/pt_br\/wp-json\/wp\/v2\/types\/page"}],"author":[{"embeddable":true,"href":"https:\/\/generoereligiao.org\/pt_br\/wp-json\/wp\/v2\/users\/3"}],"replies":[{"embeddable":true,"href":"https:\/\/generoereligiao.org\/pt_br\/wp-json\/wp\/v2\/comments?post=2331"}],"version-history":[{"count":14,"href":"https:\/\/generoereligiao.org\/pt_br\/wp-json\/wp\/v2\/pages\/2331\/revisions"}],"predecessor-version":[{"id":2505,"href":"https:\/\/generoereligiao.org\/pt_br\/wp-json\/wp\/v2\/pages\/2331\/revisions\/2505"}],"wp:attachment":[{"href":"https:\/\/generoereligiao.org\/pt_br\/wp-json\/wp\/v2\/media?parent=2331"}],"curies":[{"name":"wp","href":"https:\/\/api.w.org\/{rel}","templated":true}]}}