{"id":1999,"date":"2023-03-07T23:42:51","date_gmt":"2023-03-07T23:42:51","guid":{"rendered":"https:\/\/generoereligiao.org\/?page_id=1999"},"modified":"2023-08-24T12:15:17","modified_gmt":"2023-08-24T12:15:17","slug":"sobre-a-identidade-visual-deste-site","status":"publish","type":"page","link":"https:\/\/generoereligiao.org\/pt_br\/sobre-a-identidade-visual-deste-site\/","title":{"rendered":"Sobre a identidade visual deste site"},"content":{"rendered":"\n<p>O Portal Latino-Americano de G\u00eanero e Religi\u00e3o tem sua identidade visual inspirada na marca do Programa de G\u00eanero e Religi\u00e3o da Faculdades EST. A marca \u00e9 uma s\u00edntese gr\u00e1fica de uma \u00e1rvore, cujas folhas s\u00e3o s\u00edmbolos das variadas identidades de g\u00eanero.<\/p>\n\n\n\n&nbsp;\n\n\n\n<p>A \u00e1rvore, portanto, \u00e9 a figura central do portal, ilustrada como uma releitura da marca do PGR no cabe\u00e7alho por meio de uma fotografia da copa, com as \u201cfolhas\u201d tamb\u00e9m representadas pelos s\u00edmbolos de g\u00eanero. As ra\u00edzes da mesma \u00e1rvore est\u00e3o aplicadas na base do site, junto ao convite para publica\u00e7\u00e3o de pesquisas.<\/p>\n\n\n\n&nbsp;\n\n\n\n<p>A \u00e1rvore \u00e9 uma met\u00e1fora presente em muitas \u2013 se n\u00e3o em todas \u2013 religi\u00f5es do mundo. Est\u00e1 vinculada \u00e0s origens do mundo como uma \u201c\u00e1rvore da vida\u201d, presente nas narrativas cosmog\u00f4nicas da Antiguidade e tamb\u00e9m na B\u00edblia; pode representar uma ponte entre os mundos, como a Iggdrasil da tradi\u00e7\u00e3o n\u00f3rdica; ou mesmo estar situada no Axis mundi, a cren\u00e7a de um centro do mundo onde a eternidade e o plano finito se encontram e as b\u00ean\u00e7\u00e3os descem \u00e0 humanidade.<\/p>\n\n\n\n&nbsp;\n\n\n\n<p><\/p>\n\n\n\n<p>A \u00e1rvore tamb\u00e9m est\u00e1 presente na bela imagem invocada pelo profeta Ezequiel, o anunciador de que um broto de cedro seria plantado no alto de um monte, cujos galhos dariam habita\u00e7\u00e3o a aves de todo tipo (Ezequiel 17:22-23). A mesma met\u00e1fora ainda foi invocada por Jesus Cristo ao tratar do Reino de Deus, que poderia ser imaginado como uma planta em cuja sombra as aves do c\u00e9u encontrariam guarida e prote\u00e7\u00e3o (Mateus 13:32).<\/p>\n\n\n\n&nbsp;\n\n\n\n<p><\/p>\n\n\n\n<p>O s\u00edmbolo da \u00e1rvore tamb\u00e9m remete \u00e0s met\u00e1foras da organiza\u00e7\u00e3o, uma vez que seu tronco se divide em ra\u00edzes, galhos, folhas e frutos, representando as redes de conectividade entre grupos de pesquisa ou institui\u00e7\u00f5es as mais diversas.<\/p>\n\n\n\n&nbsp;\n\n\n\n<p><\/p>\n\n\n\n<p>A \u00e1rvore, portanto, traz belas met\u00e1foras para a nossa identidade visual, invocando a ideia do que este portal pretende: ser um amplo espa\u00e7o para publica\u00e7\u00e3o dos esfor\u00e7os de pesquisa e democratiza\u00e7\u00e3o de saberes.<\/p>\n","protected":false},"excerpt":{"rendered":"<p>O Portal Latino-Americano de G\u00eanero e Religi\u00e3o tem sua identidade visual inspirada na marca do Programa de G\u00eanero e Religi\u00e3o da Faculdades EST. A marca \u00e9 uma s\u00edntese gr\u00e1fica de [&hellip;]<\/p>\n","protected":false},"author":1,"featured_media":0,"parent":0,"menu_order":0,"comment_status":"closed","ping_status":"closed","template":"","meta":{"_eb_attr":"","site-sidebar-layout":"default","site-content-layout":"","ast-site-content-layout":"default","site-content-style":"default","site-sidebar-style":"default","ast-global-header-display":"","ast-banner-title-visibility":"","ast-main-header-display":"","ast-hfb-above-header-display":"","ast-hfb-below-header-display":"","ast-hfb-mobile-header-display":"","site-post-title":"","ast-breadcrumbs-content":"","ast-featured-img":"","footer-sml-layout":"","ast-disable-related-posts":"","theme-transparent-header-meta":"","adv-header-id-meta":"","stick-header-meta":"","header-above-stick-meta":"","header-main-stick-meta":"","header-below-stick-meta":"","astra-migrate-meta-layouts":"set","ast-page-background-enabled":"default","ast-page-background-meta":{"desktop":{"background-color":"var(--ast-global-color-4)","background-image":"","background-repeat":"repeat","background-position":"center center","background-size":"auto","background-attachment":"scroll","background-type":"","background-media":"","overlay-type":"","overlay-color":"","overlay-opacity":"","overlay-gradient":""},"tablet":{"background-color":"","background-image":"","background-repeat":"repeat","background-position":"center center","background-size":"auto","background-attachment":"scroll","background-type":"","background-media":"","overlay-type":"","overlay-color":"","overlay-opacity":"","overlay-gradient":""},"mobile":{"background-color":"","background-image":"","background-repeat":"repeat","background-position":"center center","background-size":"auto","background-attachment":"scroll","background-type":"","background-media":"","overlay-type":"","overlay-color":"","overlay-opacity":"","overlay-gradient":""}},"ast-content-background-meta":{"desktop":{"background-color":"var(--ast-global-color-5)","background-image":"","background-repeat":"repeat","background-position":"center center","background-size":"auto","background-attachment":"scroll","background-type":"","background-media":"","overlay-type":"","overlay-color":"","overlay-opacity":"","overlay-gradient":""},"tablet":{"background-color":"var(--ast-global-color-5)","background-image":"","background-repeat":"repeat","background-position":"center center","background-size":"auto","background-attachment":"scroll","background-type":"","background-media":"","overlay-type":"","overlay-color":"","overlay-opacity":"","overlay-gradient":""},"mobile":{"background-color":"var(--ast-global-color-5)","background-image":"","background-repeat":"repeat","background-position":"center center","background-size":"auto","background-attachment":"scroll","background-type":"","background-media":"","overlay-type":"","overlay-color":"","overlay-opacity":"","overlay-gradient":""}},"footnotes":""},"class_list":["post-1999","page","type-page","status-publish","hentry"],"aioseo_notices":[],"_links":{"self":[{"href":"https:\/\/generoereligiao.org\/pt_br\/wp-json\/wp\/v2\/pages\/1999","targetHints":{"allow":["GET"]}}],"collection":[{"href":"https:\/\/generoereligiao.org\/pt_br\/wp-json\/wp\/v2\/pages"}],"about":[{"href":"https:\/\/generoereligiao.org\/pt_br\/wp-json\/wp\/v2\/types\/page"}],"author":[{"embeddable":true,"href":"https:\/\/generoereligiao.org\/pt_br\/wp-json\/wp\/v2\/users\/1"}],"replies":[{"embeddable":true,"href":"https:\/\/generoereligiao.org\/pt_br\/wp-json\/wp\/v2\/comments?post=1999"}],"version-history":[{"count":3,"href":"https:\/\/generoereligiao.org\/pt_br\/wp-json\/wp\/v2\/pages\/1999\/revisions"}],"predecessor-version":[{"id":2184,"href":"https:\/\/generoereligiao.org\/pt_br\/wp-json\/wp\/v2\/pages\/1999\/revisions\/2184"}],"wp:attachment":[{"href":"https:\/\/generoereligiao.org\/pt_br\/wp-json\/wp\/v2\/media?parent=1999"}],"curies":[{"name":"wp","href":"https:\/\/api.w.org\/{rel}","templated":true}]}}