{"id":1415,"date":"2023-02-25T17:06:48","date_gmt":"2023-02-25T17:06:48","guid":{"rendered":"https:\/\/generoereligiao.org\/?page_id=1415"},"modified":"2024-01-16T13:06:55","modified_gmt":"2024-01-16T13:06:55","slug":"apresentacao","status":"publish","type":"page","link":"https:\/\/generoereligiao.org\/pt_br\/apresentacao\/","title":{"rendered":"APRESENTA\u00c7\u00c3O"},"content":{"rendered":"\t\t<div data-elementor-type=\"wp-page\" data-elementor-id=\"1415\" class=\"elementor elementor-1415\">\n\t\t\t\t\t\t<section class=\"elementor-section elementor-top-section elementor-element elementor-element-4218aabc elementor-section-boxed elementor-section-height-default elementor-section-height-default\" data-id=\"4218aabc\" data-element_type=\"section\" data-e-type=\"section\">\n\t\t\t\t\t\t<div class=\"elementor-container elementor-column-gap-default\">\n\t\t\t\t\t<div class=\"elementor-column elementor-col-100 elementor-top-column elementor-element elementor-element-3cf4fc3d\" data-id=\"3cf4fc3d\" data-element_type=\"column\" data-e-type=\"column\">\n\t\t\t<div class=\"elementor-widget-wrap elementor-element-populated\">\n\t\t\t\t\t\t<div class=\"elementor-element elementor-element-4ca31f91 elementor-widget elementor-widget-text-editor\" data-id=\"4ca31f91\" data-element_type=\"widget\" data-e-type=\"widget\" data-widget_type=\"text-editor.default\">\n\t\t\t\t<div class=\"elementor-widget-container\">\n\t\t\t\t\t\t\t\t\t<p><\/p>\n<p>O Portal Latino-Americano de G\u00eanero e Religi\u00e3o \u00e9 um espa\u00e7o colaborativo de partilha de conhecimentos, recursos metodol\u00f3gicos e de informa\u00e7\u00f5es nas \u00e1reas de Teorias e Teologias Feministas, Estudos de G\u00eanero e Sexualidade, constru\u00eddo em permanente parceria com organiza\u00e7\u00f5es da Am\u00e9rica Latina e Caribe e apoio da ACT Igreja Sueca. Seu principal objetivo \u00e9 disponibilizar conte\u00fado e recursos que contribuam na <strong>Desconstru\u00e7\u00e3o <\/strong>de narrativas teol\u00f3gicas fundamentalistas que justificam e produzem a viol\u00eancia de g\u00eanero; e na <strong>Constru\u00e7\u00e3o<\/strong> de narrativas libertadoras de g\u00eanero e religi\u00e3o que afirmam a justi\u00e7a de g\u00eanero como caminho para a vida digna.<\/p>\n<p><\/p>\n<p><\/p>\n<p><\/p>\n<p><\/p>\n<p><\/p>\n<p><\/p>\n<p><\/p>\n<p><\/p>\n<p>\u00a0<\/p>\n<p>Al\u00e9m de divulgar os materiais publicados por lideran\u00e7as e organiza\u00e7\u00f5es parceiras, o Portal constitui-se como um espa\u00e7o de incentivo para que pessoas e organiza\u00e7\u00f5es sistematizem e socializem suas boas pr\u00e1ticas da \u00e1rea de g\u00eanero e religi\u00e3o, como um impulsionador para que organiza\u00e7\u00f5es parceiras traduzam seus materiais para que possam ser publicados em portugu\u00eas, espanhol e ingl\u00eas; como um caminho de fortalecimento de parceria, cria\u00e7\u00e3o e aprimoramento de redes de contatos e di\u00e1logo entre as organiza\u00e7\u00f5es parceiras que acessam e\/ou produzem conte\u00fado e\/ou recursos metodol\u00f3gicos sobre g\u00eanero e religi\u00e3o na perspectiva da justi\u00e7a de g\u00eanero.<\/p>\n<p>\u00a0<\/p>\n<p>No Portal voc\u00ea encontra indica\u00e7\u00e3o de medita\u00e7\u00f5es (devocionais), estudos b\u00edblicos, m\u00edsticas, artes, poesias, contos, din\u00e2micas, jogos, metodologias, boas pr\u00e1ticas, cursos, campanhas comunit\u00e1rias, indica\u00e7\u00f5es e informa\u00e7\u00f5es sobre livros, teses, artigos, pol\u00edticas de justi\u00e7a de g\u00eanero, refer\u00eancias de n\u00facleos de pesquisa, revistas, redes feministas, entre outras.<\/p>\n<p>\u00a0<\/p>\n<p><\/p>\t\t\t\t\t\t\t\t<\/div>\n\t\t\t\t<\/div>\n\t\t\t\t\t<\/div>\n\t\t<\/div>\n\t\t\t\t\t<\/div>\n\t\t<\/section>\n\t\t\t\t<\/div>\n\t\t","protected":false},"excerpt":{"rendered":"<p>O Portal Latino-Americano de G\u00eanero e Religi\u00e3o \u00e9 um espa\u00e7o colaborativo de partilha de conhecimentos, recursos metodol\u00f3gicos e de informa\u00e7\u00f5es nas \u00e1reas de Teorias e Teologias Feministas, Estudos de G\u00eanero [&hellip;]<\/p>\n","protected":false},"author":1,"featured_media":0,"parent":0,"menu_order":0,"comment_status":"closed","ping_status":"closed","template":"","meta":{"_eb_attr":"","site-sidebar-layout":"default","site-content-layout":"","ast-site-content-layout":"default","site-content-style":"default","site-sidebar-style":"default","ast-global-header-display":"","ast-banner-title-visibility":"","ast-main-header-display":"","ast-hfb-above-header-display":"","ast-hfb-below-header-display":"","ast-hfb-mobile-header-display":"","site-post-title":"","ast-breadcrumbs-content":"","ast-featured-img":"","footer-sml-layout":"","ast-disable-related-posts":"","theme-transparent-header-meta":"","adv-header-id-meta":"","stick-header-meta":"","header-above-stick-meta":"","header-main-stick-meta":"","header-below-stick-meta":"","astra-migrate-meta-layouts":"set","ast-page-background-enabled":"default","ast-page-background-meta":{"desktop":{"background-color":"var(--ast-global-color-4)","background-image":"","background-repeat":"repeat","background-position":"center center","background-size":"auto","background-attachment":"scroll","background-type":"","background-media":"","overlay-type":"","overlay-color":"","overlay-opacity":"","overlay-gradient":""},"tablet":{"background-color":"","background-image":"","background-repeat":"repeat","background-position":"center center","background-size":"auto","background-attachment":"scroll","background-type":"","background-media":"","overlay-type":"","overlay-color":"","overlay-opacity":"","overlay-gradient":""},"mobile":{"background-color":"","background-image":"","background-repeat":"repeat","background-position":"center center","background-size":"auto","background-attachment":"scroll","background-type":"","background-media":"","overlay-type":"","overlay-color":"","overlay-opacity":"","overlay-gradient":""}},"ast-content-background-meta":{"desktop":{"background-color":"var(--ast-global-color-5)","background-image":"","background-repeat":"repeat","background-position":"center center","background-size":"auto","background-attachment":"scroll","background-type":"","background-media":"","overlay-type":"","overlay-color":"","overlay-opacity":"","overlay-gradient":""},"tablet":{"background-color":"var(--ast-global-color-5)","background-image":"","background-repeat":"repeat","background-position":"center center","background-size":"auto","background-attachment":"scroll","background-type":"","background-media":"","overlay-type":"","overlay-color":"","overlay-opacity":"","overlay-gradient":""},"mobile":{"background-color":"var(--ast-global-color-5)","background-image":"","background-repeat":"repeat","background-position":"center center","background-size":"auto","background-attachment":"scroll","background-type":"","background-media":"","overlay-type":"","overlay-color":"","overlay-opacity":"","overlay-gradient":""}},"footnotes":""},"class_list":["post-1415","page","type-page","status-publish","hentry"],"aioseo_notices":[],"_links":{"self":[{"href":"https:\/\/generoereligiao.org\/pt_br\/wp-json\/wp\/v2\/pages\/1415","targetHints":{"allow":["GET"]}}],"collection":[{"href":"https:\/\/generoereligiao.org\/pt_br\/wp-json\/wp\/v2\/pages"}],"about":[{"href":"https:\/\/generoereligiao.org\/pt_br\/wp-json\/wp\/v2\/types\/page"}],"author":[{"embeddable":true,"href":"https:\/\/generoereligiao.org\/pt_br\/wp-json\/wp\/v2\/users\/1"}],"replies":[{"embeddable":true,"href":"https:\/\/generoereligiao.org\/pt_br\/wp-json\/wp\/v2\/comments?post=1415"}],"version-history":[{"count":10,"href":"https:\/\/generoereligiao.org\/pt_br\/wp-json\/wp\/v2\/pages\/1415\/revisions"}],"predecessor-version":[{"id":2328,"href":"https:\/\/generoereligiao.org\/pt_br\/wp-json\/wp\/v2\/pages\/1415\/revisions\/2328"}],"wp:attachment":[{"href":"https:\/\/generoereligiao.org\/pt_br\/wp-json\/wp\/v2\/media?parent=1415"}],"curies":[{"name":"wp","href":"https:\/\/api.w.org\/{rel}","templated":true}]}}