{"id":1354,"date":"2023-02-25T13:32:47","date_gmt":"2023-02-25T13:32:47","guid":{"rendered":"https:\/\/generoereligiao.org\/?page_id=1354"},"modified":"2024-01-16T14:21:11","modified_gmt":"2024-01-16T14:21:11","slug":"est","status":"publish","type":"page","link":"https:\/\/generoereligiao.org\/pt_br\/est\/","title":{"rendered":"Faculdades EST"},"content":{"rendered":"\t\t<div data-elementor-type=\"wp-page\" data-elementor-id=\"1354\" class=\"elementor elementor-1354\">\n\t\t\t\t<div class=\"elementor-element elementor-element-37bdd9db e-flex e-con-boxed e-con e-parent\" data-id=\"37bdd9db\" data-element_type=\"container\" data-e-type=\"container\">\n\t\t\t\t\t<div class=\"e-con-inner\">\n\t\t\t\t<div class=\"elementor-element elementor-element-76daf9f elementor-widget elementor-widget-text-editor\" data-id=\"76daf9f\" data-element_type=\"widget\" data-e-type=\"widget\" data-widget_type=\"text-editor.default\">\n\t\t\t\t<div class=\"elementor-widget-container\">\n\t\t\t\t\t\t\t\t\t\n<figure class=\"wp-block-image size-full is-resized\"><img decoding=\"async\" width=\"265\" height=\"117\" class=\"wp-image-1710\" style=\"width: 199px; height: 88px;\" src=\"https:\/\/generoereligiao.org\/wp-content\/uploads\/2023\/03\/download.png\" alt=\"\" \/><\/figure>\n\n<p style=\"line-height: 1.5;\">\u00a0<\/p>\n\n<p>A Faculdades EST \u00e9 um importante centro de forma\u00e7\u00e3o e pesquisa no Brasil e um dos mais conceituados da Am\u00e9rica Latina.<\/p>\n<p>\u00a0<\/p>\n<p>Sua miss\u00e3o \u00e9 preservar, produzir e democratizar conhecimentos, fomentando o di\u00e1logo entre f\u00e9, ci\u00eancia e cultura, atrav\u00e9s da excel\u00eancia no Ensino, na Pesquisa e na Extens\u00e3o, visando \u00e0 educa\u00e7\u00e3o transformadora e socioambientalmente comprometida. Busca permanentemente ser uma institui\u00e7\u00e3o inovadora, focada na produ\u00e7\u00e3o e divulga\u00e7\u00e3o de conhecimentos socioambientalmente relevantes, na forma\u00e7\u00e3o de pessoas competentes e \u00e9ticas.<\/p>\n<p><br \/>A Faculdades EST oferece cursos de extens\u00e3o comunit\u00e1ria, atuando na forma\u00e7\u00e3o de lideran\u00e7as no Brasil e na Am\u00e9rica Latina. Na \u00e1rea de gradua\u00e7\u00e3o, na modalidade presencial, oferece os cursos de bacharelado em Teologia, Musicoterapia e de Licenciatura em M\u00fasica. Na modalidade de educa\u00e7\u00e3o \u00e0 dist\u00e2ncia, oferece os cursos de bacharelado em Teologia e de licenciatura em Ci\u00eancias da Religi\u00e3o EAD. Em \u00e2mbito de p\u00f3s-gradua\u00e7\u00e3o, oferece cursos de especializa\u00e7\u00e3o, mestrado profissional, mestrado acad\u00eamico, doutorado acad\u00eamico e de mestrado e doutorado interinstitucional.<\/p>\n\n<p style=\"line-height: 1.5;\">\u00a0<\/p>\n\n<p>A Faculdades EST \u00e9 vinculada \u00e0 Rede Sinodal de Educa\u00e7\u00e3o e identificada com a IECLB (Igreja Evang\u00e9lica de Confiss\u00e3o Luterana no Brasil). Nossa institui\u00e7\u00e3o pauta-se pelo di\u00e1logo intereclesial, inter-religioso e intercultural.<\/p>\n\n<p style=\"line-height: 1.5;\">\u00a0<\/p>\n\n<figure class=\"wp-block-image size-full\"><img fetchpriority=\"high\" decoding=\"async\" width=\"500\" height=\"333\" class=\"wp-image-1674\" src=\"http:\/\/generoereligiao.org\/wp-content\/uploads\/2023\/03\/destaque.jpg\" alt=\"\" srcset=\"https:\/\/generoereligiao.org\/wp-content\/uploads\/2023\/03\/destaque.jpg 500w, https:\/\/generoereligiao.org\/wp-content\/uploads\/2023\/03\/destaque-300x200.jpg 300w\" sizes=\"(max-width: 500px) 100vw, 500px\" \/><\/figure>\n\n<div class=\"wp-block-spacer\" style=\"height: 30px;\" aria-hidden=\"true\">\u00a0<\/div>\n\n<p style=\"line-height: 1.5;\"><strong>Faculdades EST <\/strong><\/p>\n\n<p style=\"line-height: 1.5;\">Rua Amadeo Rossi, 467<\/p>\n\n<p style=\"line-height: 1.5;\">Morro do Espelho &#8211; S\u00e3o Leopoldo-RS<\/p>\n\n<p style=\"line-height: 1.5;\">CEP: 93.030-220<\/p>\n\n<p style=\"line-height: 1.5;\">\u00a0<\/p>\n\n<p style=\"line-height: 1.5;\">Site: <a title=\"\" href=\"http:\/\/www.est.edu.br\" target=\"_blank\" rel=\"noopener\">est.edu.br <\/a><\/p>\n\n<p style=\"line-height: 1.5;\">Telefone: (51) 2111-1400<\/p>\n\n<p style=\"line-height: 1.5;\">WhtasApp: (51) 9 8122-8340<\/p>\n\n<p style=\"line-height: 1.5;\">E-mail: relacionamento@est.edu.br<\/p>\n\t\t\t\t\t\t\t\t<\/div>\n\t\t\t\t<\/div>\n\t\t\t\t\t<\/div>\n\t\t\t\t<\/div>\n\t\t<div class=\"elementor-element elementor-element-8a1e982 e-flex e-con-boxed e-con e-parent\" data-id=\"8a1e982\" data-element_type=\"container\" data-e-type=\"container\">\n\t\t\t\t\t<div class=\"e-con-inner\">\n\t\t\t\t\t<\/div>\n\t\t\t\t<\/div>\n\t\t\t\t<\/div>\n\t\t","protected":false},"excerpt":{"rendered":"<p>\u00a0 A Faculdades EST \u00e9 um importante centro de forma\u00e7\u00e3o e pesquisa no Brasil e um dos mais conceituados da Am\u00e9rica Latina. \u00a0 Sua miss\u00e3o \u00e9 preservar, produzir e democratizar [&hellip;]<\/p>\n","protected":false},"author":1,"featured_media":0,"parent":0,"menu_order":0,"comment_status":"closed","ping_status":"closed","template":"","meta":{"_eb_attr":"","site-sidebar-layout":"default","site-content-layout":"","ast-site-content-layout":"default","site-content-style":"default","site-sidebar-style":"default","ast-global-header-display":"","ast-banner-title-visibility":"","ast-main-header-display":"","ast-hfb-above-header-display":"","ast-hfb-below-header-display":"","ast-hfb-mobile-header-display":"","site-post-title":"","ast-breadcrumbs-content":"","ast-featured-img":"","footer-sml-layout":"","ast-disable-related-posts":"","theme-transparent-header-meta":"","adv-header-id-meta":"","stick-header-meta":"","header-above-stick-meta":"","header-main-stick-meta":"","header-below-stick-meta":"","astra-migrate-meta-layouts":"set","ast-page-background-enabled":"default","ast-page-background-meta":{"desktop":{"background-color":"var(--ast-global-color-4)","background-image":"","background-repeat":"repeat","background-position":"center center","background-size":"auto","background-attachment":"scroll","background-type":"","background-media":"","overlay-type":"","overlay-color":"","overlay-opacity":"","overlay-gradient":""},"tablet":{"background-color":"","background-image":"","background-repeat":"repeat","background-position":"center center","background-size":"auto","background-attachment":"scroll","background-type":"","background-media":"","overlay-type":"","overlay-color":"","overlay-opacity":"","overlay-gradient":""},"mobile":{"background-color":"","background-image":"","background-repeat":"repeat","background-position":"center center","background-size":"auto","background-attachment":"scroll","background-type":"","background-media":"","overlay-type":"","overlay-color":"","overlay-opacity":"","overlay-gradient":""}},"ast-content-background-meta":{"desktop":{"background-color":"var(--ast-global-color-5)","background-image":"","background-repeat":"repeat","background-position":"center center","background-size":"auto","background-attachment":"scroll","background-type":"","background-media":"","overlay-type":"","overlay-color":"","overlay-opacity":"","overlay-gradient":""},"tablet":{"background-color":"var(--ast-global-color-5)","background-image":"","background-repeat":"repeat","background-position":"center center","background-size":"auto","background-attachment":"scroll","background-type":"","background-media":"","overlay-type":"","overlay-color":"","overlay-opacity":"","overlay-gradient":""},"mobile":{"background-color":"var(--ast-global-color-5)","background-image":"","background-repeat":"repeat","background-position":"center center","background-size":"auto","background-attachment":"scroll","background-type":"","background-media":"","overlay-type":"","overlay-color":"","overlay-opacity":"","overlay-gradient":""}},"footnotes":""},"class_list":["post-1354","page","type-page","status-publish","hentry"],"aioseo_notices":[],"_links":{"self":[{"href":"https:\/\/generoereligiao.org\/pt_br\/wp-json\/wp\/v2\/pages\/1354","targetHints":{"allow":["GET"]}}],"collection":[{"href":"https:\/\/generoereligiao.org\/pt_br\/wp-json\/wp\/v2\/pages"}],"about":[{"href":"https:\/\/generoereligiao.org\/pt_br\/wp-json\/wp\/v2\/types\/page"}],"author":[{"embeddable":true,"href":"https:\/\/generoereligiao.org\/pt_br\/wp-json\/wp\/v2\/users\/1"}],"replies":[{"embeddable":true,"href":"https:\/\/generoereligiao.org\/pt_br\/wp-json\/wp\/v2\/comments?post=1354"}],"version-history":[{"count":22,"href":"https:\/\/generoereligiao.org\/pt_br\/wp-json\/wp\/v2\/pages\/1354\/revisions"}],"predecessor-version":[{"id":2358,"href":"https:\/\/generoereligiao.org\/pt_br\/wp-json\/wp\/v2\/pages\/1354\/revisions\/2358"}],"wp:attachment":[{"href":"https:\/\/generoereligiao.org\/pt_br\/wp-json\/wp\/v2\/media?parent=1354"}],"curies":[{"name":"wp","href":"https:\/\/api.w.org\/{rel}","templated":true}]}}