{"id":2349,"date":"2024-01-16T13:56:46","date_gmt":"2024-01-16T13:56:46","guid":{"rendered":"https:\/\/generoereligiao.org\/?page_id=2349"},"modified":"2024-01-30T12:19:25","modified_gmt":"2024-01-30T12:19:25","slug":"da-coleta-e-envio-de-subsidios-para-o-portal","status":"publish","type":"page","link":"https:\/\/generoereligiao.org\/es\/da-coleta-e-envio-de-subsidios-para-o-portal\/","title":{"rendered":"Da coleta e envio de subs\u00eddios para o Portal"},"content":{"rendered":"<p>O Portal compartilha subs\u00eddios da \u00e1rea de g\u00eanero e religi\u00e3o, de livre acesso na web.<\/p>\n<p>Voc\u00ea pode enviar sua sugest\u00e3o para publica\u00e7\u00e3o no Portal clicando aqui.<\/p>\n<p>Materiais in\u00e9ditos poder\u00e3o ser submetidos via e-mail (portal@generoereligiao.org) para avalia\u00e7\u00e3o e aprova\u00e7\u00e3o. Todo material in\u00e9dito somente ser\u00e1 publicado mediante autoriza\u00e7\u00e3o, via formul\u00e1rio pr\u00f3prio, preenchido por seu autor ou autora.<\/p>","protected":false},"excerpt":{"rendered":"<p>O Portal compartilha subs\u00eddios da \u00e1rea de g\u00eanero e religi\u00e3o, de livre acesso na web. Voc\u00ea pode enviar sua sugest\u00e3o para publica\u00e7\u00e3o no Portal clicando aqui. Materiais in\u00e9ditos poder\u00e3o ser [&hellip;]<\/p>\n","protected":false},"author":3,"featured_media":0,"parent":0,"menu_order":0,"comment_status":"closed","ping_status":"closed","template":"","meta":{"_eb_attr":"","site-sidebar-layout":"no-sidebar","site-content-layout":"page-builder","ast-site-content-layout":"full-width-container","site-content-style":"unboxed","site-sidebar-style":"unboxed","ast-global-header-display":"","ast-banner-title-visibility":"","ast-main-header-display":"","ast-hfb-above-header-display":"","ast-hfb-below-header-display":"","ast-hfb-mobile-header-display":"","site-post-title":"disabled","ast-breadcrumbs-content":"","ast-featured-img":"disabled","footer-sml-layout":"","ast-disable-related-posts":"","theme-transparent-header-meta":"","adv-header-id-meta":"","stick-header-meta":"","header-above-stick-meta":"","header-main-stick-meta":"","header-below-stick-meta":"","astra-migrate-meta-layouts":"set","ast-page-background-enabled":"default","ast-page-background-meta":{"desktop":{"background-color":"var(--ast-global-color-4)","background-image":"","background-repeat":"repeat","background-position":"center center","background-size":"auto","background-attachment":"scroll","background-type":"","background-media":"","overlay-type":"","overlay-color":"","overlay-opacity":"","overlay-gradient":""},"tablet":{"background-color":"","background-image":"","background-repeat":"repeat","background-position":"center center","background-size":"auto","background-attachment":"scroll","background-type":"","background-media":"","overlay-type":"","overlay-color":"","overlay-opacity":"","overlay-gradient":""},"mobile":{"background-color":"","background-image":"","background-repeat":"repeat","background-position":"center center","background-size":"auto","background-attachment":"scroll","background-type":"","background-media":"","overlay-type":"","overlay-color":"","overlay-opacity":"","overlay-gradient":""}},"ast-content-background-meta":{"desktop":{"background-color":"var(--ast-global-color-5)","background-image":"","background-repeat":"repeat","background-position":"center center","background-size":"auto","background-attachment":"scroll","background-type":"","background-media":"","overlay-type":"","overlay-color":"","overlay-opacity":"","overlay-gradient":""},"tablet":{"background-color":"var(--ast-global-color-5)","background-image":"","background-repeat":"repeat","background-position":"center center","background-size":"auto","background-attachment":"scroll","background-type":"","background-media":"","overlay-type":"","overlay-color":"","overlay-opacity":"","overlay-gradient":""},"mobile":{"background-color":"var(--ast-global-color-5)","background-image":"","background-repeat":"repeat","background-position":"center center","background-size":"auto","background-attachment":"scroll","background-type":"","background-media":"","overlay-type":"","overlay-color":"","overlay-opacity":"","overlay-gradient":""}},"footnotes":""},"class_list":["post-2349","page","type-page","status-publish","hentry"],"aioseo_notices":[],"_links":{"self":[{"href":"https:\/\/generoereligiao.org\/es\/wp-json\/wp\/v2\/pages\/2349","targetHints":{"allow":["GET"]}}],"collection":[{"href":"https:\/\/generoereligiao.org\/es\/wp-json\/wp\/v2\/pages"}],"about":[{"href":"https:\/\/generoereligiao.org\/es\/wp-json\/wp\/v2\/types\/page"}],"author":[{"embeddable":true,"href":"https:\/\/generoereligiao.org\/es\/wp-json\/wp\/v2\/users\/3"}],"replies":[{"embeddable":true,"href":"https:\/\/generoereligiao.org\/es\/wp-json\/wp\/v2\/comments?post=2349"}],"version-history":[{"count":7,"href":"https:\/\/generoereligiao.org\/es\/wp-json\/wp\/v2\/pages\/2349\/revisions"}],"predecessor-version":[{"id":2403,"href":"https:\/\/generoereligiao.org\/es\/wp-json\/wp\/v2\/pages\/2349\/revisions\/2403"}],"wp:attachment":[{"href":"https:\/\/generoereligiao.org\/es\/wp-json\/wp\/v2\/media?parent=2349"}],"curies":[{"name":"wp","href":"https:\/\/api.w.org\/{rel}","templated":true}]}}