{"id":1999,"date":"2023-03-07T23:42:51","date_gmt":"2023-03-07T23:42:51","guid":{"rendered":"https:\/\/generoereligiao.org\/?page_id=1999"},"modified":"2023-08-24T12:15:17","modified_gmt":"2023-08-24T12:15:17","slug":"sobre-a-identidade-visual-deste-site","status":"publish","type":"page","link":"https:\/\/generoereligiao.org\/es\/sobre-a-identidade-visual-deste-site\/","title":{"rendered":"Sobre la identidad visual de este sitio"},"content":{"rendered":"<p>El Portal Latino-Americano de G\u00e9nero y Religi\u00f3n tiene su identidad visual inspirada en la marca del Programa de G\u00e9nero y Religi\u00f3n de las Facultades EST. Una marca es una s\u00edntesis gr\u00e1fica de un \u00e1rbol, cuyas hojas son s\u00edmbolos de variadas identidades de g\u00e9nero.<\/p>\n\n\n\n&nbsp;\n\n\n\n<p>A \u00e1rvore, portanto, \u00e9 a figura central do portal, ilustrada como uma releitura da marca do PGR no cabe\u00e7alho por meio de uma fotografia da copa, com as \u201cfolhas\u201d tamb\u00e9m representadas pelos s\u00edmbolos de g\u00eanero. As ra\u00edzes da mesma \u00e1rvore est\u00e3o aplicadas na base do site, junto ao convite para publica\u00e7\u00e3o de pesquisas.<\/p>\n\n\n\n&nbsp;\n\n\n\n<p>Un \u00e1rbol es una met\u00e1fora presente en muchas \u2013 ver n\u00e3o em todas \u2013 religiones del mundo. Est\u00e1 vinculado a los or\u00edgenes del mundo como un \"\u00e1rvore da vida\", presente nas narrativas cosmog\u00f3nicas da Antiguidade e tamb\u00e9m na B\u00edblia; pode representar un puente entre los mundos, como el Iggdrasil de la tradici\u00f3n n\u00f3rdica; ou mesmo estar situado no Axis mundi, una creencia de um centro do mundo onde a eternidade y o plano finito se encontram e as ben\u00e7\u00e3os descem \u00e0 humanidad.<\/p>\n\n\n\n&nbsp;\n\n\n\n<p><\/p>\n\n\n\n<p>El \u00e1rbol tambi\u00e9n est\u00e1 presente en la hermosa imagen invocada por el profeta Ezequiel, quien anuncia que en la cima de una monta\u00f1a se plantar\u00e1 una rama de cedro, en cuyas ramas habitar\u00e1n aves de toda especie (Ezequiel 17:22-23) . Jesucristo todav\u00eda invocaba la misma met\u00e1fora para tratar el Reino de Dios, que podr\u00eda imaginarse como una planta a cuya sombra las aves del cielo son guardadas y protegidas (Mateo 13:32).<\/p>\n\n\n\n&nbsp;\n\n\n\n<p><\/p>\n\n\n\n<p>El s\u00edmbolo del \u00e1rbol tambi\u00e9n evoca met\u00e1foras de organizaci\u00f3n, pues su tronco se divide en ra\u00edces, ramas, hojas y frutos, representando redes de conectividad entre grupos de investigaci\u00f3n o instituciones tan diversas como ellas.<\/p>\n\n\n\n&nbsp;\n\n\n\n<p><\/p>\n\n\n\n<p>A \u00e1rvore, portanto, traz belas met\u00e1foras para a nossa identidade visual, invocando a ideia do que este portal pretende: ser um amplo espa\u00e7o para publica\u00e7\u00e3o dos esfor\u00e7os de pesquisa e democratiza\u00e7\u00e3o de saberes.<\/p>","protected":false},"excerpt":{"rendered":"<p>O Portal Latino-Americano de G\u00eanero e Religi\u00e3o tem sua identidade visual inspirada na marca do Programa de G\u00eanero e Religi\u00e3o da Faculdades EST. A marca \u00e9 uma s\u00edntese gr\u00e1fica de [&hellip;]<\/p>\n","protected":false},"author":1,"featured_media":0,"parent":0,"menu_order":0,"comment_status":"closed","ping_status":"closed","template":"","meta":{"_eb_attr":"","site-sidebar-layout":"default","site-content-layout":"","ast-site-content-layout":"default","site-content-style":"default","site-sidebar-style":"default","ast-global-header-display":"","ast-banner-title-visibility":"","ast-main-header-display":"","ast-hfb-above-header-display":"","ast-hfb-below-header-display":"","ast-hfb-mobile-header-display":"","site-post-title":"","ast-breadcrumbs-content":"","ast-featured-img":"","footer-sml-layout":"","ast-disable-related-posts":"","theme-transparent-header-meta":"","adv-header-id-meta":"","stick-header-meta":"","header-above-stick-meta":"","header-main-stick-meta":"","header-below-stick-meta":"","astra-migrate-meta-layouts":"set","ast-page-background-enabled":"default","ast-page-background-meta":{"desktop":{"background-color":"var(--ast-global-color-4)","background-image":"","background-repeat":"repeat","background-position":"center center","background-size":"auto","background-attachment":"scroll","background-type":"","background-media":"","overlay-type":"","overlay-color":"","overlay-opacity":"","overlay-gradient":""},"tablet":{"background-color":"","background-image":"","background-repeat":"repeat","background-position":"center center","background-size":"auto","background-attachment":"scroll","background-type":"","background-media":"","overlay-type":"","overlay-color":"","overlay-opacity":"","overlay-gradient":""},"mobile":{"background-color":"","background-image":"","background-repeat":"repeat","background-position":"center center","background-size":"auto","background-attachment":"scroll","background-type":"","background-media":"","overlay-type":"","overlay-color":"","overlay-opacity":"","overlay-gradient":""}},"ast-content-background-meta":{"desktop":{"background-color":"var(--ast-global-color-5)","background-image":"","background-repeat":"repeat","background-position":"center center","background-size":"auto","background-attachment":"scroll","background-type":"","background-media":"","overlay-type":"","overlay-color":"","overlay-opacity":"","overlay-gradient":""},"tablet":{"background-color":"var(--ast-global-color-5)","background-image":"","background-repeat":"repeat","background-position":"center center","background-size":"auto","background-attachment":"scroll","background-type":"","background-media":"","overlay-type":"","overlay-color":"","overlay-opacity":"","overlay-gradient":""},"mobile":{"background-color":"var(--ast-global-color-5)","background-image":"","background-repeat":"repeat","background-position":"center center","background-size":"auto","background-attachment":"scroll","background-type":"","background-media":"","overlay-type":"","overlay-color":"","overlay-opacity":"","overlay-gradient":""}},"footnotes":""},"class_list":["post-1999","page","type-page","status-publish","hentry"],"aioseo_notices":[],"_links":{"self":[{"href":"https:\/\/generoereligiao.org\/es\/wp-json\/wp\/v2\/pages\/1999","targetHints":{"allow":["GET"]}}],"collection":[{"href":"https:\/\/generoereligiao.org\/es\/wp-json\/wp\/v2\/pages"}],"about":[{"href":"https:\/\/generoereligiao.org\/es\/wp-json\/wp\/v2\/types\/page"}],"author":[{"embeddable":true,"href":"https:\/\/generoereligiao.org\/es\/wp-json\/wp\/v2\/users\/1"}],"replies":[{"embeddable":true,"href":"https:\/\/generoereligiao.org\/es\/wp-json\/wp\/v2\/comments?post=1999"}],"version-history":[{"count":3,"href":"https:\/\/generoereligiao.org\/es\/wp-json\/wp\/v2\/pages\/1999\/revisions"}],"predecessor-version":[{"id":2184,"href":"https:\/\/generoereligiao.org\/es\/wp-json\/wp\/v2\/pages\/1999\/revisions\/2184"}],"wp:attachment":[{"href":"https:\/\/generoereligiao.org\/es\/wp-json\/wp\/v2\/media?parent=1999"}],"curies":[{"name":"wp","href":"https:\/\/api.w.org\/{rel}","templated":true}]}}